{"id":52312,"date":"2022-11-06T21:12:27","date_gmt":"2022-11-06T21:12:27","guid":{"rendered":"https:\/\/hoobs.com\/product\/hoobs-pro-vorbestellung\/"},"modified":"2023-06-07T01:59:04","modified_gmt":"2023-06-07T01:59:04","slug":"hoobs-pro","status":"publish","type":"product","link":"https:\/\/old.hoobs.com\/de\/produkt\/hoobs-pro\/","title":{"rendered":"HOOBS Pro"},"content":{"rendered":"<p>Mit den Thread- und Zigbee-Mesh-Netzwerkfunktionen erm\u00f6glicht HOOBS Pro die direkte Kopplung Ihrer smarten Produkte, ohne dass Sie zus\u00e4tzliche Hubs oder Adapter ben\u00f6tigen.<\/p>\n<p>HOOBS Pro basiert auf zukunftsweisenden Technologien und vereinheitlicht und vereinfacht Ihr Smart Home, indem es Ihnen erm\u00f6glicht, all Ihre Ger\u00e4te \u00fcber Ihr bevorzugtes Betriebssystem zu steuern.<\/p>\n<p>Machen Sie alle Ihre aktuellen und zuk\u00fcnftigen Ger\u00e4te Matter-kompatibel<\/p>\n<p>Thread Border Router f\u00fcr Ihr Heimnetzwerk<br \/>\nZigbee 3.0-Hub &#8211; 2.400+ Zigbee-Ger\u00e4te<br \/>\n1-Gbit-Ethernet-Anschluss<br \/>\nDualband 2,4 und 5GHz WLAN &#8211; 3.000+ Plugins verf\u00fcgbar<br \/>\nBluetooth v5.0 &#8211; \u00fcber 70 Plugins verf\u00fcgbar<\/p>\n","protected":false},"excerpt":{"rendered":"<p><strong>HOOBS Pro ist jetzt zur Vorbestellung verf\u00fcgbar.<\/strong><\/p>\n<p>Geben Sie Ihre Bestellung noch heute auf, um sich einen Platz in der Warteschlange zu sichern.<br \/>\nWir werden HOOBS Pro in der Reihenfolge der Vorbestellungen ausliefern, sobald es produziert wird.<\/p>\n<blockquote><p>Voraussichtliche Auslieferung Mitte August 2023<\/p><\/blockquote>\n","protected":false},"featured_media":49621,"comment_status":"open","ping_status":"closed","template":"","meta":[],"product_cat":[29],"product_tag":[],"_links":{"self":[{"href":"https:\/\/old.hoobs.com\/de\/wp-json\/wp\/v2\/product\/52312"}],"collection":[{"href":"https:\/\/old.hoobs.com\/de\/wp-json\/wp\/v2\/product"}],"about":[{"href":"https:\/\/old.hoobs.com\/de\/wp-json\/wp\/v2\/types\/product"}],"replies":[{"embeddable":true,"href":"https:\/\/old.hoobs.com\/de\/wp-json\/wp\/v2\/comments?post=52312"}],"wp:featuredmedia":[{"embeddable":true,"href":"https:\/\/old.hoobs.com\/de\/wp-json\/wp\/v2\/media\/49621"}],"wp:attachment":[{"href":"https:\/\/old.hoobs.com\/de\/wp-json\/wp\/v2\/media?parent=52312"}],"wp:term":[{"taxonomy":"product_cat","embeddable":true,"href":"https:\/\/old.hoobs.com\/de\/wp-json\/wp\/v2\/product_cat?post=52312"},{"taxonomy":"product_tag","embeddable":true,"href":"https:\/\/old.hoobs.com\/de\/wp-json\/wp\/v2\/product_tag?post=52312"}],"curies":[{"name":"wp","href":"https:\/\/api.w.org\/{rel}","templated":true}]}}