{"id":44521,"date":"2021-06-27T05:17:43","date_gmt":"2021-06-27T05:17:43","guid":{"rendered":"https:\/\/hoobs.com\/product\/hoobs-box-starter-kit\/"},"modified":"2025-11-19T07:25:47","modified_gmt":"2025-11-19T07:25:47","slug":"hoobs-box-starter-kit","status":"publish","type":"product","link":"https:\/\/old.hoobs.com\/ch\/produkt\/hoobs-box-starter-kit\/","title":{"rendered":"HOOBS Box (Starter Kit)"},"content":{"rendered":"<h2 style=\"text-align: center;\"><strong>BEGINNEN SIE MIT DEM AUFBAU IHRES SMART HOMES MIT HOOBS<\/strong><\/h2>\n<p>Wir glauben, dass die Wahl eines Systems nicht dar\u00fcber entscheiden sollte, welches Zubeh\u00f6r Sie kaufen und nutzen k\u00f6nnen.\u00a0HOOBS\u2122 zielt darauf ab, Ihr Smart Home zu vereinheitlichen und zu vereinfachen. Es ist so konzipiert, dass es f\u00fcr Einsteiger zug\u00e4nglich, f\u00fcr fortgeschrittene Benutzer jedoch robust und vielseitig ist und Ihnen eine Welt der M\u00f6glichkeiten f\u00fcr die Automatisierung Ihres Hauses er\u00f6ffnet.<\/p>\n<h2 style=\"text-align: center;\"><strong>KOMPATIBEL MIT \u00dcBER 3.000 GER\u00c4TEN<\/strong><\/h2>\n<p>Viele Smart-Home-Zubeh\u00f6rteile sind an ihr eigenes geschlossenes \u00d6kosystem gebunden. HOOBS\u2122 schlie\u00dft die L\u00fccken zwischen Hausautomatisierungssystemen und erm\u00f6glicht es ihnen, miteinander zu kommunizieren. Mehr als 2.000 Plugins sorgen f\u00fcr Kompatibilit\u00e4t mit den meisten auf dem Markt erh\u00e4ltlichen Zubeh\u00f6rteilen, und es kommen st\u00e4ndig neue hinzu.<\/p>\n<h2 style=\"text-align: center;\"><strong>BEVOR SIE KAUFEN<\/strong><\/h2>\n<p>Pr\u00fcfen Sie in der Plugin-Bibliothek, ob Ihr Produkt von HOOBS unterst\u00fctzt wird und ob es ein Plugin gibt, das Ihren Anforderungen entspricht.<\/p>\n<div  class='avia-buttonrow-wrap av-9iya1-39e6c5ccda183d98675a12fd251663e2 avia-buttonrow-center  avia-builder-el-0  avia-builder-el-no-sibling '>\n\n<style type=\"text\/css\" data-created_by=\"avia_inline_auto\" id=\"style-css-av-l6y35yfc-41ea9db0c6925b9541e291c47daabe6b\">\n#top #wrap_all .avia-button.av-l6y35yfc-41ea9db0c6925b9541e291c47daabe6b{\nmargin-bottom:5px;\nmargin-right:3px;\nmargin-left:3px;\n}\n<\/style>\n<a href='https:\/\/plugins.hoobs.org\/' class='avia-button av-l6y35yfc-41ea9db0c6925b9541e291c47daabe6b avia-icon_select-yes-left-icon avia-size-small avia-color-theme-color' target=\"_blank\" rel=\"noopener noreferrer\"><span class='avia_button_icon avia_button_icon_left ' aria-hidden='true' data-av_icon='\ue803' data-av_iconfont='entypo-fontello'><\/span><span class='avia_iconbox_title' >Plugin Bibliothek<\/span><\/a>\n\n<style type=\"text\/css\" data-created_by=\"avia_inline_auto\" id=\"style-css-av-l6y37otn-4504f768c0a1db995f06bc3222a5e6b5\">\n#top #wrap_all .avia-button.av-l6y37otn-4504f768c0a1db995f06bc3222a5e6b5{\nmargin-bottom:5px;\nmargin-right:3px;\nmargin-left:3px;\n}\n<\/style>\n<a href='https:\/\/support.hoobs.org\/docs\/shipping-taxes' class='avia-button av-l6y37otn-4504f768c0a1db995f06bc3222a5e6b5 avia-icon_select-yes-left-icon avia-size-small avia-color-theme-color' target=\"_blank\" rel=\"noopener noreferrer\"><span class='avia_button_icon avia_button_icon_left ' aria-hidden='true' data-av_icon='\ue852' data-av_iconfont='entypo-fontello'><\/span><span class='avia_iconbox_title' >Versand und Geb\u00fchren<\/span><\/a>\n\n<style type=\"text\/css\" data-created_by=\"avia_inline_auto\" id=\"style-css-av-l6y38piu-ca996f76a86536f79430cabbd35808de\">\n#top #wrap_all .avia-button.av-l6y38piu-ca996f76a86536f79430cabbd35808de{\nmargin-bottom:5px;\nmargin-right:3px;\nmargin-left:3px;\n}\n<\/style>\n<a href='https:\/\/support.hoobs.org\/docs\/terms-conditions'  class='avia-button av-l6y38piu-ca996f76a86536f79430cabbd35808de avia-icon_select-yes-left-icon avia-size-small avia-color-theme-color'  ><span class='avia_button_icon avia_button_icon_left ' aria-hidden='true' data-av_icon='\ue837' data-av_iconfont='entypo-fontello'><\/span><span class='avia_iconbox_title' >Allgemeine Gesch\u00e4ftsbedingungen (AGB)<\/span><\/a>\n\n<style type=\"text\/css\" data-created_by=\"avia_inline_auto\" id=\"style-css-av-kzgtdled-b9bf316e97102ec44058f8bde5c16424\">\n#top #wrap_all .avia-button.av-kzgtdled-b9bf316e97102ec44058f8bde5c16424{\nmargin-bottom:5px;\nmargin-right:3px;\nmargin-left:3px;\n}\n<\/style>\n<a href='https:\/\/support.hoobs.org\/static\/6204e284ef6f9e0d2d703b14' class='avia-button av-kzgtdled-b9bf316e97102ec44058f8bde5c16424 avia-icon_select-yes-left-icon avia-size-small avia-color-theme-color' target=\"_blank\" rel=\"noopener noreferrer\"><span class='avia_button_icon avia_button_icon_left ' aria-hidden='true' data-av_icon='\ue84d' data-av_iconfont='entypo-fontello'><\/span><span class='avia_iconbox_title' >Datenblatt DE<\/span><\/a>\n<\/div>\n","protected":false},"excerpt":{"rendered":"<p>HOOBS Box ist eine Plug-and-Play-Smart Home Zentrale, die alle deine Smarthome Ger\u00e4te in einem System vereint. Egal, ob Sie Apple Homekit\u2122, Google Home\u2122 oder Amazon Alexa\u2122 bevorzugen, mit HOOBS funktioniert Ihr Smart Home systemu\u0308bergreifend auf den Endger\u00e4ten Ihrer Wahl. Kompatibles Zubeh\u00f6r f\u00fcr alle Plattformen zu finden ist fast undenkbar, doch HOOBS\u2122 macht genau dies m\u00f6glich.<\/p>\n","protected":false},"featured_media":44505,"comment_status":"open","ping_status":"closed","template":"","meta":[],"product_cat":[80],"product_tag":[],"_links":{"self":[{"href":"https:\/\/old.hoobs.com\/ch\/wp-json\/wp\/v2\/product\/44521"}],"collection":[{"href":"https:\/\/old.hoobs.com\/ch\/wp-json\/wp\/v2\/product"}],"about":[{"href":"https:\/\/old.hoobs.com\/ch\/wp-json\/wp\/v2\/types\/product"}],"replies":[{"embeddable":true,"href":"https:\/\/old.hoobs.com\/ch\/wp-json\/wp\/v2\/comments?post=44521"}],"wp:featuredmedia":[{"embeddable":true,"href":"https:\/\/old.hoobs.com\/ch\/wp-json\/wp\/v2\/media\/44505"}],"wp:attachment":[{"href":"https:\/\/old.hoobs.com\/ch\/wp-json\/wp\/v2\/media?parent=44521"}],"wp:term":[{"taxonomy":"product_cat","embeddable":true,"href":"https:\/\/old.hoobs.com\/ch\/wp-json\/wp\/v2\/product_cat?post=44521"},{"taxonomy":"product_tag","embeddable":true,"href":"https:\/\/old.hoobs.com\/ch\/wp-json\/wp\/v2\/product_tag?post=44521"}],"curies":[{"name":"wp","href":"https:\/\/api.w.org\/{rel}","templated":true}]}}